{"id":78,"date":"2022-08-27T19:54:51","date_gmt":"2022-08-27T17:54:51","guid":{"rendered":"http:\/\/redcocktattoo.cz\/?page_id=78"},"modified":"2025-09-03T16:41:00","modified_gmt":"2025-09-03T14:41:00","slug":"info","status":"publish","type":"page","link":"https:\/\/redcocktattoo.cz\/?page_id=78","title":{"rendered":"Info"},"content":{"rendered":"\n<h2 class=\"wp-block-heading\">Jak se domluvit na term\u00ednu tetov\u00e1n\u00ed?<\/h2>\n\n\n\n<p>Nejlep\u0161\u00ed je domluva p\u0159es zpr\u00e1vy na&nbsp;<a rel=\"noreferrer noopener\" href=\"https:\/\/www.instagram.com\/redcocktattoo\/\" data-type=\"URL\" data-id=\"https:\/\/www.instagram.com\/redcocktattoo\/\" target=\"_blank\">Instagramu<\/a>. Pokud m\u00e1\u0161 vybran\u00e9ho tat\u00e9ra, napi\u0161 p\u0159\u00edmo jemu, na jeho instagram do DM. Profily tat\u00e9r\u016f najdes v z\u00e1lo\u017ece TAT\u00c9\u0158I, a nebo v BIU na\u0161eho Instagramu. Do zpr\u00e1vy sta\u010d\u00ed napsat, co bys r\u00e1d\/a vytetovat, m\u00edsto a p\u0159ibli\u017enou velikost. Kdy bys tak k\u00e9rku cht\u011bl\/a, a podle toho se s tat\u00e9ry domluv\u00edte na term\u00ednu. Konzultace p\u0159edem nejsou \u00fapln\u011b d\u016fle\u017eit\u00e9, v\u011bt\u0161inou v\u0161e vymysl\u00edme ve zpr\u00e1v\u00e1ch, p\u0159\u00edpadn\u011b na m\u00edst\u011b. z\u00e1le\u017e\u00ed v\u017edy na domluv\u011b s jednotliv\u00fdmi tat\u00e9ry.<\/p>\n\n\n\n<h2 class=\"wp-block-heading\">Jak vybrat n\u00e1vrh?<\/h2>\n\n\n\n<p>Ka\u017ed\u00fd z tat\u00e9r\u016f na studiu m\u00e1 sv\u016fj styl a n\u00e1vrhy. v\u0161e je v\u017edy na domluv\u011b a nen\u00ed probl\u00e9m ud\u011blat n\u00e1vrh na m\u00edru. Netetujeme akor\u00e1t n\u00e1vrhy ciz\u00edch tat\u00e9r\u016f, v\u017edycky se ale d\u00e1 vymyslet n\u011bco origin\u00e1ln\u00edho.&nbsp;<\/p>\n\n\n\n<h2 class=\"wp-block-heading\">Jak\u00e1 je cena tetov\u00e1n\u00ed?<\/h2>\n\n\n\n<p>Z\u00e1kladn\u00ed cena je 1500 K\u010d, pak se cena odv\u00edj\u00ed od pracnosti a \u010dasu. Hrub\u00fd odhad ceny ti nap\u00ed\u0161e ka\u017ed\u00fd tat\u00e9r s\u00e1m ve zpr\u00e1v\u00e1ch podle vymy\u0161len\u00e9ho n\u00e1vrhu.<\/p>\n\n\n\n<h2 class=\"wp-block-heading\">Poukaz na tetov\u00e1n\u00ed.<\/h2>\n\n\n\n<p>Poukazy na tetov\u00e1n\u00ed lze koupit pouze osobn\u011b na studiu. \u010c\u00e1stku poukazu si lze ur\u010dit na m\u00edst\u011b. <\/p>\n\n\n\n<h2 class=\"wp-block-heading\">Co kdy\u017e mi nen\u00ed 18?<\/h2>\n\n\n\n<p>To nen\u00ed takov\u00fd probl\u00e9m. Tetovat se d\u00e1 od 15ti&nbsp;(l\u00e9pe&nbsp;od 16ti) let. Je ale nutn\u00e9 m\u00edt bu\u010f z\u00e1konn\u00e9ho z\u00e1stupce s sebou u k\u00e9rky, nebo don\u00e9st vyti\u0161t\u011bn\u00fd, &nbsp;vypln\u011bn\u00fd a podepsan\u00fd formul\u00e1\u0159. Tento formul\u00e1\u0159 najde\u0161 o \u0159\u00e1dek n\u00ed\u017e.<\/p>\n\n\n\n<p><a href=\"https:\/\/docs.google.com\/document\/d\/1WJWxAHDDGRtf0D5F63QHukCCDqb6-tJDBegwEZON5cM\/edit\" target=\"_blank\" rel=\"noreferrer noopener\"><strong>Online formul\u00e1\u0159 pro nezletil\u00e9 \u2013 ZDE&nbsp;<\/strong><\/a><\/p>\n\n\n\n<h2 class=\"wp-block-heading\">Bolest?<\/h2>\n\n\n\n<p>Tetov\u00e1n\u00ed bol\u00ed, ale je to hrozn\u011b individu\u00e1ln\u00ed. Ka\u017ed\u00fd m\u00e1 jin\u00fd pr\u00e1h bolesti, ka\u017ed\u00e1 oblast t\u011bla je jinak citliv\u00e1 apod. Nemus\u00ed\u0161 se ale b\u00e1t, jsme hodn\u00ed, a ke ka\u017ed\u00e9mu p\u0159istupujeme individu\u00e1ln\u011b.<\/p>\n\n\n\n<h2 class=\"wp-block-heading\">SHOP?<\/h2>\n\n\n\n<p>Objedn\u00e1vku ti ode\u0161leme hned, jak bude v na\u0161ich sil\u00e1ch. V\u011bt\u0161inou 1-2 t\u00fddn\u011b bal\u00ed\u010dky ode\u0161leme. P\u0159edobjedn\u00e1vky pos\u00edl\u00e1me v den, kdy se zbo\u017e\u00ed naskladn\u00ed.&nbsp;<\/p>\n\n\n\n<p>Z\u00e1silky pos\u00edl\u00e1me bu\u010f p\u0159es \u010ceskou po\u0161tu, nebo PPL. Z\u00e1le\u017e\u00ed, co budu m\u00edt po ruce. V\u017edy v\u0161ak pos\u00edl\u00e1me bal\u00ed\u010dky rychle. Tak\u017ee dojde do 1-2 dn\u016f(pracovn\u00edch) od odesl\u00e1n\u00ed.<\/p>\n\n\n\n<p>A moc d\u00edky, pokud se n\u00e1s rozhodne\u0161 podpo\u0159it&nbsp;<img loading=\"lazy\" decoding=\"async\" height=\"22\" width=\"22\" src=\"https:\/\/paper.dropboxstatic.com\/static\/img\/ace\/emoji\/2764.png?version=6.0.0\" alt=\"red heart\"><\/p>\n","protected":false},"excerpt":{"rendered":"<p>Jak se domluvit na term\u00ednu tetov\u00e1n\u00ed? Nejlep\u0161\u00ed je domluva p\u0159es zpr\u00e1vy na&nbsp;Instagramu. Pokud m\u00e1\u0161 vybran\u00e9ho tat\u00e9ra, napi\u0161 p\u0159\u00edmo jemu, na jeho instagram do DM. Profily tat\u00e9r\u016f najdes v z\u00e1lo\u017ece TAT\u00c9\u0158I, a nebo v BIU na\u0161eho Instagramu. Do zpr\u00e1vy sta\u010d\u00ed napsat, co bys r\u00e1d\/a vytetovat, m\u00edsto a p\u0159ibli\u017enou velikost. Kdy bys tak k\u00e9rku cht\u011bl\/a, a podle&hellip;&nbsp;<a href=\"https:\/\/redcocktattoo.cz\/?page_id=78\" class=\"\" rel=\"bookmark\">\u010c\u00edst d\u00e1le &raquo;<span class=\"screen-reader-text\">Info<\/span><\/a><\/p>\n","protected":false},"author":1,"featured_media":0,"parent":0,"menu_order":0,"comment_status":"closed","ping_status":"closed","template":"","meta":{"neve_meta_sidebar":"","neve_meta_container":"","neve_meta_enable_content_width":"","neve_meta_content_width":0,"neve_meta_title_alignment":"","neve_meta_author_avatar":"","neve_post_elements_order":"","neve_meta_disable_header":"","neve_meta_disable_footer":"","neve_meta_disable_title":"","footnotes":""},"class_list":["post-78","page","type-page","status-publish","hentry"],"_links":{"self":[{"href":"https:\/\/redcocktattoo.cz\/index.php?rest_route=\/wp\/v2\/pages\/78","targetHints":{"allow":["GET"]}}],"collection":[{"href":"https:\/\/redcocktattoo.cz\/index.php?rest_route=\/wp\/v2\/pages"}],"about":[{"href":"https:\/\/redcocktattoo.cz\/index.php?rest_route=\/wp\/v2\/types\/page"}],"author":[{"embeddable":true,"href":"https:\/\/redcocktattoo.cz\/index.php?rest_route=\/wp\/v2\/users\/1"}],"replies":[{"embeddable":true,"href":"https:\/\/redcocktattoo.cz\/index.php?rest_route=%2Fwp%2Fv2%2Fcomments&post=78"}],"version-history":[{"count":10,"href":"https:\/\/redcocktattoo.cz\/index.php?rest_route=\/wp\/v2\/pages\/78\/revisions"}],"predecessor-version":[{"id":230,"href":"https:\/\/redcocktattoo.cz\/index.php?rest_route=\/wp\/v2\/pages\/78\/revisions\/230"}],"wp:attachment":[{"href":"https:\/\/redcocktattoo.cz\/index.php?rest_route=%2Fwp%2Fv2%2Fmedia&parent=78"}],"curies":[{"name":"wp","href":"https:\/\/api.w.org\/{rel}","templated":true}]}}