{"id":81,"date":"2022-08-27T19:59:45","date_gmt":"2022-08-27T17:59:45","guid":{"rendered":"http:\/\/redcocktattoo.cz\/?page_id=81"},"modified":"2025-09-03T16:34:58","modified_gmt":"2025-09-03T14:34:58","slug":"kontakt","status":"publish","type":"page","link":"https:\/\/redcocktattoo.cz\/?page_id=81","title":{"rendered":"Kontakt"},"content":{"rendered":"\n<p>Pro domluvu na tetov\u00e1n\u00ed nebo jeho konzultaci je nejlep\u0161\u00ed ps\u00e1t jednotliv\u00fdm tat\u00e9r\u016fm&nbsp;<a rel=\"noreferrer noopener\" href=\"https:\/\/www.instagram.com\/_je_to_on_\/\" target=\"_blank\">Instagram<\/a>&nbsp;do zpr\u00e1v. Tat\u00e9\u0159i i s jejich instagramy jsou v BIU na na\u0161em IG, nebo vyps\u00e1ni n\u00ed\u017ee. <br><\/p>\n\n\n\n<p>Pro jin\u00e9 kontakty, spolupr\u00e1ce apod, pou\u017eij email.<\/p>\n\n\n\n<p><strong>Martin<\/strong> &#8211; <a href=\"https:\/\/instagram.com\/_je_to_on_?igshid=YmMyMTA2M2Y=\" target=\"_blank\" rel=\"noreferrer noopener\">IG: @_je_to_on_<\/a><\/p>\n\n\n\n<p><strong>\u00c1\u010fa<\/strong> &#8211; <a href=\"https:\/\/instagram.com\/bugnova.adel.tattoo?igshid=YmMyMTA2M2Y=\" data-type=\"URL\" data-id=\"https:\/\/instagram.com\/bugnova.adel.tattoo?igshid=YmMyMTA2M2Y=\" target=\"_blank\" rel=\"noreferrer noopener\">IG: @bugnova.adel.tattoo<\/a><\/p>\n\n\n\n<p><strong>Mon\u010da<\/strong> &#8211;  <a rel=\"noreferrer noopener\" href=\"https:\/\/instagram.com\/mona.ink?igshid=YmMyMTA2M2Y=\" data-type=\"URL\" data-id=\"https:\/\/instagram.com\/mona.ink?igshid=YmMyMTA2M2Y=\" target=\"_blank\">IG: @mona.ink<\/a><\/p>\n\n\n\n<p><strong>Elio <\/strong>&#8211; <a href=\"https:\/\/www.instagram.com\/elio.tatts?igsh=c2d3dzVyeGg2bWE1\">IG: @elio.tatts<\/a><\/p>\n\n\n\n<p><strong>Email<\/strong>:&nbsp;<strong>redcocktattoo@gmail.com<\/strong>&nbsp;\u2013 odpov\u00edd\u00e1m v\u011bt\u0161inou do t\u00fddne<\/p>\n\n\n\n<h2 class=\"wp-block-heading\">Adresa studia<\/h2>\n\n\n\n<p><strong>Na st\u0159elnici 178<\/strong>, Olomouc. Hned u zast\u00e1vky Na st\u0159elnici (sm\u011br z centra). Pozn\u00e1te n\u00e1s dle \u010derven\u00e9 fas\u00e1dy.<\/p>\n\n\n\n<figure class=\"wp-block-image size-large is-resized\"><img loading=\"lazy\" decoding=\"async\" width=\"1024\" height=\"733\" src=\"https:\/\/redcocktattoo.cz\/wp-content\/uploads\/2022\/09\/0019FF11-CE50-4979-8A09-5910369B5530-1024x733.jpeg\" alt=\"\" class=\"wp-image-190\" style=\"width:768px;height:550px\" srcset=\"https:\/\/redcocktattoo.cz\/wp-content\/uploads\/2022\/09\/0019FF11-CE50-4979-8A09-5910369B5530-1024x733.jpeg 1024w, https:\/\/redcocktattoo.cz\/wp-content\/uploads\/2022\/09\/0019FF11-CE50-4979-8A09-5910369B5530-300x215.jpeg 300w, https:\/\/redcocktattoo.cz\/wp-content\/uploads\/2022\/09\/0019FF11-CE50-4979-8A09-5910369B5530-768x550.jpeg 768w, https:\/\/redcocktattoo.cz\/wp-content\/uploads\/2022\/09\/0019FF11-CE50-4979-8A09-5910369B5530-1536x1099.jpeg 1536w, https:\/\/redcocktattoo.cz\/wp-content\/uploads\/2022\/09\/0019FF11-CE50-4979-8A09-5910369B5530-2048x1466.jpeg 2048w, https:\/\/redcocktattoo.cz\/wp-content\/uploads\/2022\/09\/0019FF11-CE50-4979-8A09-5910369B5530-600x429.jpeg 600w\" sizes=\"auto, (max-width: 1024px) 100vw, 1024px\" \/><\/figure>\n\n\n\n<iframe src=\"https:\/\/www.google.com\/maps\/embed?pb=!1m18!1m12!1m3!1d2585.9177292678432!2d17.249174215646427!3d49.59930087936701!2m3!1f0!2f0!3f0!3m2!1i1024!2i768!4f13.1!3m3!1m2!1s0x47124ef246379cf5%3A0xeb3e5a5ad66ad932!2sNa%20St%C5%99elnici%2017%2C%20779%2000%20Olomouc!5e0!3m2!1scs!2scz!4v1661702142697!5m2!1scs!2scz\" width=\"600\" height=\"450\" style=\"border:0;\" allowfullscreen=\"\" loading=\"lazy\" referrerpolicy=\"no-referrer-when-downgrade\"><\/iframe>\n\n\n\n<p>Nem\u00e1me fixn\u00ed otev\u00edrac\u00ed dobu, tak\u017ee neohl\u00e1\u0161en\u00e9 n\u00e1v\u0161t\u011bvy jsou na vlastn\u00ed p\u011bst.<\/p>\n\n\n\n<p>M\u00e1te n\u011bjak\u00e9 ot\u00e1zky? Zodpov\u00edme je. Pros\u00edme o pe\u010dliv\u00e9 vypln\u011bn\u00ed kontaktn\u00edch \u00fadaj\u016f.<\/p>\n\n\n<div class=\"wpforms-container wpforms-container-full\" id=\"wpforms-91\"><form id=\"wpforms-form-91\" class=\"wpforms-validate wpforms-form wpforms-ajax-form\" data-formid=\"91\" method=\"post\" enctype=\"multipart\/form-data\" action=\"\/index.php?rest_route=%2Fwp%2Fv2%2Fpages%2F81\" data-token=\"2aa2a6da7c35931a36e7dbfc3f6652b4\"><noscript class=\"wpforms-error-noscript\">Chcete-li vyplnit tento formul\u00e1\u0159, pros\u00edm povolte v prohl\u00ed\u017ee\u010di JavaScript.<\/noscript><div class=\"wpforms-field-container\"><div id=\"wpforms-91-field_0-container\" class=\"wpforms-field wpforms-field-name\" data-field-id=\"0\"><label class=\"wpforms-field-label\" for=\"wpforms-91-field_0\">Jm\u00e9no <span class=\"wpforms-required-label\">*<\/span><\/label><div class=\"wpforms-field-row wpforms-field-medium\"><div class=\"wpforms-field-row-block wpforms-first wpforms-one-half\"><input type=\"text\" id=\"wpforms-91-field_0\" class=\"wpforms-field-name-first wpforms-field-required\" name=\"wpforms[fields][0][first]\" required><label for=\"wpforms-91-field_0\" class=\"wpforms-field-sublabel after \">K\u0159estn\u00ed jm\u00e9no<\/label><\/div><div class=\"wpforms-field-row-block wpforms-one-half\"><input type=\"text\" id=\"wpforms-91-field_0-last\" class=\"wpforms-field-name-last wpforms-field-required\" name=\"wpforms[fields][0][last]\" required><label for=\"wpforms-91-field_0-last\" class=\"wpforms-field-sublabel after \">P\u0159\u00edjmen\u00ed<\/label><\/div><\/div><\/div><div id=\"wpforms-91-field_1-container\" class=\"wpforms-field wpforms-field-email\" data-field-id=\"1\"><label class=\"wpforms-field-label\" for=\"wpforms-91-field_1\">E-mail <span class=\"wpforms-required-label\">*<\/span><\/label><input type=\"email\" id=\"wpforms-91-field_1\" class=\"wpforms-field-medium wpforms-field-required\" name=\"wpforms[fields][1]\" required><\/div><div id=\"wpforms-91-field_2-container\" class=\"wpforms-field wpforms-field-textarea\" data-field-id=\"2\"><label class=\"wpforms-field-label\" for=\"wpforms-91-field_2\">Zpr\u00e1va <span class=\"wpforms-required-label\">*<\/span><\/label><textarea id=\"wpforms-91-field_2\" class=\"wpforms-field-medium wpforms-field-required\" name=\"wpforms[fields][2]\" required><\/textarea><\/div><\/div><div class=\"wpforms-submit-container\"><input type=\"hidden\" name=\"wpforms[id]\" value=\"91\"><input type=\"hidden\" name=\"wpforms[author]\" value=\"1\"><button type=\"submit\" name=\"wpforms[submit]\" id=\"wpforms-submit-91\" class=\"wpforms-submit\" data-alt-text=\"Odes\u00edl\u00e1ni...\" data-submit-text=\"Odeslat\" aria-live=\"assertive\" value=\"wpforms-submit\">Odeslat<\/button><img loading=\"lazy\" decoding=\"async\" src=\"https:\/\/redcocktattoo.cz\/wp-content\/plugins\/wpforms-lite\/assets\/images\/submit-spin.svg\" class=\"wpforms-submit-spinner\" style=\"display: none;\" width=\"26\" height=\"26\" alt=\"Na\u010d\u00edt\u00e1n\u00ed\"><\/div><\/form><\/div>  <!-- .wpforms-container -->","protected":false},"excerpt":{"rendered":"<p>Pro domluvu na tetov\u00e1n\u00ed nebo jeho konzultaci je nejlep\u0161\u00ed ps\u00e1t jednotliv\u00fdm tat\u00e9r\u016fm&nbsp;Instagram&nbsp;do zpr\u00e1v. Tat\u00e9\u0159i i s jejich instagramy jsou v BIU na na\u0161em IG, nebo vyps\u00e1ni n\u00ed\u017ee. Pro jin\u00e9 kontakty, spolupr\u00e1ce apod, pou\u017eij email. Martin &#8211; IG: @_je_to_on_ \u00c1\u010fa &#8211; IG: @bugnova.adel.tattoo Mon\u010da &#8211; IG: @mona.ink Elio &#8211; IG: @elio.tatts Email:&nbsp;redcocktattoo@gmail.com&nbsp;\u2013 odpov\u00edd\u00e1m v\u011bt\u0161inou do t\u00fddne&hellip;&nbsp;<a href=\"https:\/\/redcocktattoo.cz\/?page_id=81\" class=\"\" rel=\"bookmark\">\u010c\u00edst d\u00e1le &raquo;<span class=\"screen-reader-text\">Kontakt<\/span><\/a><\/p>\n","protected":false},"author":1,"featured_media":0,"parent":0,"menu_order":0,"comment_status":"closed","ping_status":"closed","template":"","meta":{"neve_meta_sidebar":"","neve_meta_container":"","neve_meta_enable_content_width":"","neve_meta_content_width":0,"neve_meta_title_alignment":"","neve_meta_author_avatar":"","neve_post_elements_order":"","neve_meta_disable_header":"","neve_meta_disable_footer":"","neve_meta_disable_title":"","footnotes":""},"class_list":["post-81","page","type-page","status-publish","hentry"],"_links":{"self":[{"href":"https:\/\/redcocktattoo.cz\/index.php?rest_route=\/wp\/v2\/pages\/81","targetHints":{"allow":["GET"]}}],"collection":[{"href":"https:\/\/redcocktattoo.cz\/index.php?rest_route=\/wp\/v2\/pages"}],"about":[{"href":"https:\/\/redcocktattoo.cz\/index.php?rest_route=\/wp\/v2\/types\/page"}],"author":[{"embeddable":true,"href":"https:\/\/redcocktattoo.cz\/index.php?rest_route=\/wp\/v2\/users\/1"}],"replies":[{"embeddable":true,"href":"https:\/\/redcocktattoo.cz\/index.php?rest_route=%2Fwp%2Fv2%2Fcomments&post=81"}],"version-history":[{"count":12,"href":"https:\/\/redcocktattoo.cz\/index.php?rest_route=\/wp\/v2\/pages\/81\/revisions"}],"predecessor-version":[{"id":228,"href":"https:\/\/redcocktattoo.cz\/index.php?rest_route=\/wp\/v2\/pages\/81\/revisions\/228"}],"wp:attachment":[{"href":"https:\/\/redcocktattoo.cz\/index.php?rest_route=%2Fwp%2Fv2%2Fmedia&parent=81"}],"curies":[{"name":"wp","href":"https:\/\/api.w.org\/{rel}","templated":true}]}}