{"id":156,"date":"2022-09-27T17:23:29","date_gmt":"2022-09-27T15:23:29","guid":{"rendered":"https:\/\/redcocktattoo.cz\/?post_type=product&#038;p=156"},"modified":"2022-09-27T17:23:29","modified_gmt":"2022-09-27T15:23:29","slug":"pexeso","status":"publish","type":"product","link":"https:\/\/redcocktattoo.cz\/?product=pexeso","title":{"rendered":"PEXESO"},"content":{"rendered":"<p>Pexeso k vyt\u0159i\u017een\u00ed.<\/p>\n<p>42 p\u00e1r\u016f obr\u00e1zk\u016f.<\/p>\n<p>Velk\u00e1 z\u00e1bava.<\/p>\n<p>Form\u00e1t A4.<\/p>\n","protected":false},"excerpt":{"rendered":"<p>Pexeso k vyt\u0159i\u017een\u00ed. 42 p\u00e1r\u016f obr\u00e1zk\u016f. Velk\u00e1 z\u00e1bava. Form\u00e1t A4.<\/p>\n","protected":false},"featured_media":157,"comment_status":"open","ping_status":"closed","template":"","meta":{"neve_meta_sidebar":"","neve_meta_container":"","neve_meta_enable_content_width":"off","neve_meta_content_width":100,"neve_meta_title_alignment":"","neve_meta_author_avatar":"","neve_post_elements_order":"","neve_meta_disable_header":"","neve_meta_disable_footer":"","neve_meta_disable_title":""},"product_cat":[22],"product_tag":[],"class_list":{"0":"post-156","1":"product","2":"type-product","3":"status-publish","4":"has-post-thumbnail","6":"product_cat-nezarazene","8":"first","9":"instock","10":"shipping-taxable","11":"purchasable","12":"product-type-simple"},"_links":{"self":[{"href":"https:\/\/redcocktattoo.cz\/index.php?rest_route=\/wp\/v2\/product\/156","targetHints":{"allow":["GET"]}}],"collection":[{"href":"https:\/\/redcocktattoo.cz\/index.php?rest_route=\/wp\/v2\/product"}],"about":[{"href":"https:\/\/redcocktattoo.cz\/index.php?rest_route=\/wp\/v2\/types\/product"}],"replies":[{"embeddable":true,"href":"https:\/\/redcocktattoo.cz\/index.php?rest_route=%2Fwp%2Fv2%2Fcomments&post=156"}],"wp:featuredmedia":[{"embeddable":true,"href":"https:\/\/redcocktattoo.cz\/index.php?rest_route=\/wp\/v2\/media\/157"}],"wp:attachment":[{"href":"https:\/\/redcocktattoo.cz\/index.php?rest_route=%2Fwp%2Fv2%2Fmedia&parent=156"}],"wp:term":[{"taxonomy":"product_cat","embeddable":true,"href":"https:\/\/redcocktattoo.cz\/index.php?rest_route=%2Fwp%2Fv2%2Fproduct_cat&post=156"},{"taxonomy":"product_tag","embeddable":true,"href":"https:\/\/redcocktattoo.cz\/index.php?rest_route=%2Fwp%2Fv2%2Fproduct_tag&post=156"}],"curies":[{"name":"wp","href":"https:\/\/api.w.org\/{rel}","templated":true}]}}