{"id":158,"date":"2022-09-27T17:23:12","date_gmt":"2022-09-27T15:23:12","guid":{"rendered":"https:\/\/redcocktattoo.cz\/?post_type=product&#038;p=158"},"modified":"2022-09-27T17:23:12","modified_gmt":"2022-09-27T15:23:12","slug":"omalovanky-pro-dospele","status":"publish","type":"product","link":"https:\/\/redcocktattoo.cz\/?product=omalovanky-pro-dospele","title":{"rendered":"Omalov\u00e1nky pro dosp\u011bl\u00e9"},"content":{"rendered":"<p>Omalov\u00e1nky pro dosp\u011bl\u00e9<\/p>\n<p>12 obr\u00e1zk\u016f k vymalov\u00e1n\u00ed (je na nich dost co vybarvovat, tak\u017ee jedna str\u00e1nka zabere dost \u010dasu)<\/p>\n<p>Anti-stress<\/p>\n<p><strong>UPOZORN\u011aN\u00cd:<\/strong> Omalov\u00e1nky obsahuj\u00ed nahotu, sexu\u00e1ln\u00ed praktiky, obsesi, u\u017e\u00edv\u00e1n\u00ed n\u00e1vykov\u00fdch l\u00e1tek a dal\u0161\u00ed velmi nevhodn\u00fd obsah. \u017d\u00e1dn\u00fd z obr\u00e1zk\u016f nezobrazuje re\u00e1lnou osobu, m\u00edsto, ani situaci.<\/p>\n<p><strong>DOPORU\u010cEN\u00cd:<\/strong> Uchov\u00e1vat mimo dosah d\u011bt\u00ed.<\/p>\n<p>PRODEJN\u00c9 OD 18 LET<\/p>\n","protected":false},"excerpt":{"rendered":"<p>Omalov\u00e1nky pro dosp\u011bl\u00e9 12 obr\u00e1zk\u016f k vymalov\u00e1n\u00ed (je na nich dost co vybarvovat, tak\u017ee jedna str\u00e1nka zabere dost \u010dasu) Anti-stress UPOZORN\u011aN\u00cd: Omalov\u00e1nky obsahuj\u00ed nahotu, sexu\u00e1ln\u00ed praktiky, obsesi, u\u017e\u00edv\u00e1n\u00ed n\u00e1vykov\u00fdch l\u00e1tek a dal\u0161\u00ed velmi nevhodn\u00fd obsah. \u017d\u00e1dn\u00fd z obr\u00e1zk\u016f nezobrazuje re\u00e1lnou osobu, m\u00edsto, ani situaci. DOPORU\u010cEN\u00cd: Uchov\u00e1vat mimo dosah d\u011bt\u00ed. PRODEJN\u00c9 OD 18 LET<\/p>\n","protected":false},"featured_media":159,"comment_status":"open","ping_status":"closed","template":"","meta":{"neve_meta_sidebar":"","neve_meta_container":"","neve_meta_enable_content_width":"off","neve_meta_content_width":100,"neve_meta_title_alignment":"","neve_meta_author_avatar":"","neve_post_elements_order":"","neve_meta_disable_header":"","neve_meta_disable_footer":"","neve_meta_disable_title":""},"product_cat":[22],"product_tag":[],"class_list":{"0":"post-158","1":"product","2":"type-product","3":"status-publish","4":"has-post-thumbnail","6":"product_cat-nezarazene","8":"first","9":"instock","10":"sale","11":"shipping-taxable","12":"purchasable","13":"product-type-simple"},"_links":{"self":[{"href":"https:\/\/redcocktattoo.cz\/index.php?rest_route=\/wp\/v2\/product\/158","targetHints":{"allow":["GET"]}}],"collection":[{"href":"https:\/\/redcocktattoo.cz\/index.php?rest_route=\/wp\/v2\/product"}],"about":[{"href":"https:\/\/redcocktattoo.cz\/index.php?rest_route=\/wp\/v2\/types\/product"}],"replies":[{"embeddable":true,"href":"https:\/\/redcocktattoo.cz\/index.php?rest_route=%2Fwp%2Fv2%2Fcomments&post=158"}],"wp:featuredmedia":[{"embeddable":true,"href":"https:\/\/redcocktattoo.cz\/index.php?rest_route=\/wp\/v2\/media\/159"}],"wp:attachment":[{"href":"https:\/\/redcocktattoo.cz\/index.php?rest_route=%2Fwp%2Fv2%2Fmedia&parent=158"}],"wp:term":[{"taxonomy":"product_cat","embeddable":true,"href":"https:\/\/redcocktattoo.cz\/index.php?rest_route=%2Fwp%2Fv2%2Fproduct_cat&post=158"},{"taxonomy":"product_tag","embeddable":true,"href":"https:\/\/redcocktattoo.cz\/index.php?rest_route=%2Fwp%2Fv2%2Fproduct_tag&post=158"}],"curies":[{"name":"wp","href":"https:\/\/api.w.org\/{rel}","templated":true}]}}