{"id":164,"date":"2022-09-27T17:22:46","date_gmt":"2022-09-27T15:22:46","guid":{"rendered":"https:\/\/redcocktattoo.cz\/?post_type=product&#038;p=164"},"modified":"2022-09-27T17:22:46","modified_gmt":"2022-09-27T15:22:46","slug":"ponozky-jetoon-bk","status":"publish","type":"product","link":"https:\/\/redcocktattoo.cz\/?product=ponozky-jetoon-bk","title":{"rendered":"Pono\u017eky JETOON BK"},"content":{"rendered":"<p>Vysok\u00e9 pono\u017eky JETOON<\/p>\n<p>Materi\u00e1l: 85% bavlna, 10% polyamid, 5% elastan<\/p>\n<p>Velikosti univerz\u00e1ln\u00ed (2 velikosti)<\/p>\n","protected":false},"excerpt":{"rendered":"<p>Vysok\u00e9 pono\u017eky JETOON Materi\u00e1l: 85% bavlna, 10% polyamid, 5% elastan Velikosti univerz\u00e1ln\u00ed (2 velikosti)<\/p>\n","protected":false},"featured_media":165,"comment_status":"open","ping_status":"closed","template":"","meta":{"neve_meta_sidebar":"","neve_meta_container":"","neve_meta_enable_content_width":"off","neve_meta_content_width":100,"neve_meta_title_alignment":"","neve_meta_author_avatar":"","neve_post_elements_order":"","neve_meta_disable_header":"","neve_meta_disable_footer":"","neve_meta_disable_title":""},"product_cat":[22],"product_tag":[],"class_list":{"0":"post-164","1":"product","2":"type-product","3":"status-publish","4":"has-post-thumbnail","6":"product_cat-nezarazene","8":"first","9":"instock","10":"shipping-taxable","11":"purchasable","12":"product-type-variable"},"_links":{"self":[{"href":"https:\/\/redcocktattoo.cz\/index.php?rest_route=\/wp\/v2\/product\/164","targetHints":{"allow":["GET"]}}],"collection":[{"href":"https:\/\/redcocktattoo.cz\/index.php?rest_route=\/wp\/v2\/product"}],"about":[{"href":"https:\/\/redcocktattoo.cz\/index.php?rest_route=\/wp\/v2\/types\/product"}],"replies":[{"embeddable":true,"href":"https:\/\/redcocktattoo.cz\/index.php?rest_route=%2Fwp%2Fv2%2Fcomments&post=164"}],"wp:featuredmedia":[{"embeddable":true,"href":"https:\/\/redcocktattoo.cz\/index.php?rest_route=\/wp\/v2\/media\/165"}],"wp:attachment":[{"href":"https:\/\/redcocktattoo.cz\/index.php?rest_route=%2Fwp%2Fv2%2Fmedia&parent=164"}],"wp:term":[{"taxonomy":"product_cat","embeddable":true,"href":"https:\/\/redcocktattoo.cz\/index.php?rest_route=%2Fwp%2Fv2%2Fproduct_cat&post=164"},{"taxonomy":"product_tag","embeddable":true,"href":"https:\/\/redcocktattoo.cz\/index.php?rest_route=%2Fwp%2Fv2%2Fproduct_tag&post=164"}],"curies":[{"name":"wp","href":"https:\/\/api.w.org\/{rel}","templated":true}]}}