{"id":179,"date":"2022-09-27T17:22:20","date_gmt":"2022-09-27T15:22:20","guid":{"rendered":"https:\/\/redcocktattoo.cz\/?post_type=product&#038;p=179"},"modified":"2022-09-27T17:22:20","modified_gmt":"2022-09-27T15:22:20","slug":"triko-we-love-fat-lines","status":"publish","type":"product","link":"https:\/\/redcocktattoo.cz\/?product=triko-we-love-fat-lines","title":{"rendered":"Triko WE LOVE FAT LINES"},"content":{"rendered":"<p>TRIKO WE LOVE FAT LINES<\/p>\n<p>Materi\u00e1l: 100% bavlna<\/p>\n<p>Barva: natural<\/p>\n<p>St\u0159ih trika je unisex a velikosti standartn\u00ed. Motivy jsou d\u011blan\u00e9 s\u00edtotiskem, tak\u017ee to bude v poho.<\/p>\n<p>Rozm\u011bry ve fotk\u00e1ch.<\/p>\n","protected":false},"excerpt":{"rendered":"<p>TRIKO WE LOVE FAT LINES Materi\u00e1l: 100% bavlna Barva: natural St\u0159ih trika je unisex a velikosti standartn\u00ed. Motivy jsou d\u011blan\u00e9 s\u00edtotiskem, tak\u017ee to bude v poho. Rozm\u011bry ve fotk\u00e1ch.<\/p>\n","protected":false},"featured_media":185,"comment_status":"open","ping_status":"closed","template":"","meta":{"neve_meta_sidebar":"","neve_meta_container":"","neve_meta_enable_content_width":"off","neve_meta_content_width":100,"neve_meta_title_alignment":"","neve_meta_author_avatar":"","neve_post_elements_order":"","neve_meta_disable_header":"","neve_meta_disable_footer":"","neve_meta_disable_title":""},"product_cat":[22],"product_tag":[],"class_list":{"0":"post-179","1":"product","2":"type-product","3":"status-publish","4":"has-post-thumbnail","6":"product_cat-nezarazene","8":"first","9":"instock","10":"sale","11":"shipping-taxable","12":"purchasable","13":"product-type-variable"},"_links":{"self":[{"href":"https:\/\/redcocktattoo.cz\/index.php?rest_route=\/wp\/v2\/product\/179","targetHints":{"allow":["GET"]}}],"collection":[{"href":"https:\/\/redcocktattoo.cz\/index.php?rest_route=\/wp\/v2\/product"}],"about":[{"href":"https:\/\/redcocktattoo.cz\/index.php?rest_route=\/wp\/v2\/types\/product"}],"replies":[{"embeddable":true,"href":"https:\/\/redcocktattoo.cz\/index.php?rest_route=%2Fwp%2Fv2%2Fcomments&post=179"}],"wp:featuredmedia":[{"embeddable":true,"href":"https:\/\/redcocktattoo.cz\/index.php?rest_route=\/wp\/v2\/media\/185"}],"wp:attachment":[{"href":"https:\/\/redcocktattoo.cz\/index.php?rest_route=%2Fwp%2Fv2%2Fmedia&parent=179"}],"wp:term":[{"taxonomy":"product_cat","embeddable":true,"href":"https:\/\/redcocktattoo.cz\/index.php?rest_route=%2Fwp%2Fv2%2Fproduct_cat&post=179"},{"taxonomy":"product_tag","embeddable":true,"href":"https:\/\/redcocktattoo.cz\/index.php?rest_route=%2Fwp%2Fv2%2Fproduct_tag&post=179"}],"curies":[{"name":"wp","href":"https:\/\/api.w.org\/{rel}","templated":true}]}}